{"id":1386,"date":"2016-11-13T18:43:16","date_gmt":"2016-11-13T18:43:16","guid":{"rendered":"https:\/\/sst.minenergia.cl\/?page_id=1386"},"modified":"2023-10-16T15:10:03","modified_gmt":"2023-10-16T15:10:03","slug":"resultados-franquicia-tributaria-para-viviendas-nuevas","status":"publish","type":"page","link":"https:\/\/sst.minenergia.cl\/?page_id=1386","title":{"rendered":"Franquicia tributaria para viviendas nuevas"},"content":{"rendered":"<p>La siguiente tabla muestra el detalle anual y regional del n\u00famero de viviendas nuevas beneficiadas con Franquicia Tributaria para instalaci\u00f3n de Sistemas Solares T\u00e9rmicos (SST), seg\u00fan a\u00f1o de recepci\u00f3n municipal.<\/p>\n<p><!-- Inicio de Tabla --><\/p>\n<div style=\"overflow-x: auto;\">\n<table>\n<tbody>\n<tr>\n<th>Regi\u00f3n<\/th>\n<th>2010<\/th>\n<th>2011<\/th>\n<th>2012<\/th>\n<th>2013<\/th>\n<th>2014<\/th>\n<th>2015<\/th>\n<th>2016<\/th>\n<th>2017<\/th>\n<th>2018<\/th>\n<th>2019<\/th>\n<th>2020<\/th>\n<th>TOTAL<\/th>\n<\/tr>\n<tr>\n<td>Arica y Parinacota<\/td>\n<td>0<\/td>\n<td>0<\/td>\n<td>124<\/td>\n<td>265<\/td>\n<td>40<\/td>\n<td>174<\/td>\n<td>553<\/td>\n<td>46<\/td>\n<td>46<\/td>\n<td>92<\/td>\n<td>590<\/td>\n<td>1.930<\/td>\n<\/tr>\n<tr>\n<td>Tarapac\u00e1<\/td>\n<td>0<\/td>\n<td>0<\/td>\n<td>0<\/td>\n<td>137<\/td>\n<td>0<\/td>\n<td>0<\/td>\n<td>0<\/td>\n<td>0<\/td>\n<td>0<\/td>\n<td>200<\/td>\n<td>0<\/td>\n<td>337<\/td>\n<\/tr>\n<tr>\n<td>Antofagasta<\/td>\n<td>0<\/td>\n<td>0<\/td>\n<td>0<\/td>\n<td>694<\/td>\n<td>0<\/td>\n<td>0<\/td>\n<td>198<\/td>\n<td>0<\/td>\n<td>0<\/td>\n<td>0<\/td>\n<td>0<\/td>\n<td>892<\/td>\n<\/tr>\n<p><!-- --><\/p>\n<tr>\n<td>Atacama<\/td>\n<td>0<\/td>\n<td>23<\/td>\n<td>576<\/td>\n<td>503<\/td>\n<td>181<\/td>\n<td>0<\/td>\n<td>0<\/td>\n<td>0<\/td>\n<td>704<\/td>\n<td>180<\/td>\n<td>0<\/td>\n<td>2.167<\/td>\n<\/tr>\n<tr>\n<td>Coquimbo<\/td>\n<td>0<\/td>\n<td>222<\/td>\n<td>862<\/td>\n<td>2.138<\/td>\n<td>347<\/td>\n<td>1.119<\/td>\n<td>1.087<\/td>\n<td>867<\/td>\n<td>978<\/td>\n<td>560<\/td>\n<td>691<\/td>\n<td>8.871<\/td>\n<\/tr>\n<tr>\n<td>Valpara\u00edso<\/td>\n<td>0<\/td>\n<td>326<\/td>\n<td>1.451<\/td>\n<td>1.544<\/td>\n<td>359<\/td>\n<td>172<\/td>\n<td>209<\/td>\n<td>368<\/td>\n<td>373<\/td>\n<td>236<\/td>\n<td>379<\/td>\n<td>5.417<\/td>\n<\/tr>\n<tr>\n<td>Metropolitana<\/td>\n<td>464<\/td>\n<td>4.308<\/td>\n<td>9.994<\/td>\n<td>9.126<\/td>\n<td>2.375<\/td>\n<td>1.948<\/td>\n<td>5.373<\/td>\n<td>1.556<\/td>\n<td>2.498<\/td>\n<td>1.98<\/td>\n<td>1.345<\/td>\n<td>40.085<\/td>\n<\/tr>\n<tr>\n<td>O&#8217;Higgins<\/td>\n<td>22<\/td>\n<td>407<\/td>\n<td>989<\/td>\n<td>1.566<\/td>\n<td>325<\/td>\n<td>340<\/td>\n<td>65<\/td>\n<td>173<\/td>\n<td>223<\/td>\n<td>321<\/td>\n<td>0<\/td>\n<td>4.431<\/td>\n<\/tr>\n<tr>\n<td>Del Maule<\/td>\n<td>0<\/td>\n<td>11<\/td>\n<td>95<\/td>\n<td>1.907<\/td>\n<td>0<\/td>\n<td>0<\/td>\n<td>0<\/td>\n<td>439<\/td>\n<td>345<\/td>\n<td>240<\/td>\n<td>0<\/td>\n<td>30.37<\/td>\n<\/tr>\n<tr>\n<td>\u00d1uble<\/td>\n<td>0<\/td>\n<td>0<\/td>\n<td>160<\/td>\n<td>161<\/td>\n<td>100<\/td>\n<td>140<\/td>\n<td>455<\/td>\n<td>462<\/td>\n<td>236<\/td>\n<td>0<\/td>\n<td>0<\/td>\n<td>1.714<\/td>\n<\/tr>\n<tr>\n<td>Bio B\u00edo<\/td>\n<td>0<\/td>\n<td>248<\/td>\n<td>257<\/td>\n<td>714<\/td>\n<td>284<\/td>\n<td>94<\/td>\n<td>242<\/td>\n<td>886<\/td>\n<td>459<\/td>\n<td>0<\/td>\n<td>130<\/td>\n<td>3.314<\/td>\n<\/tr>\n<tr>\n<td>Araucan\u00eda<\/td>\n<td>0<\/td>\n<td>81<\/td>\n<td>518<\/td>\n<td>208<\/td>\n<td>234<\/td>\n<td>77<\/td>\n<td>0<\/td>\n<td>0<\/td>\n<td>85<\/td>\n<td>0<\/td>\n<td>112<\/td>\n<td>1.315<\/td>\n<\/tr>\n<tr>\n<td>Los R\u00edos<\/td>\n<td>0<\/td>\n<td>0<\/td>\n<td>0<\/td>\n<td>0<\/td>\n<td>0<\/td>\n<td>0<\/td>\n<td>0<\/td>\n<td>0<\/td>\n<td>0<\/td>\n<td>0<\/td>\n<td>0<\/td>\n<td>0<\/td>\n<\/tr>\n<tr>\n<td>Los Lagos<\/td>\n<td>17<\/td>\n<td>17<\/td>\n<td>484<\/td>\n<td>323<\/td>\n<td>0<\/td>\n<td>0<\/td>\n<td>0<\/td>\n<td>0<\/td>\n<td>0<\/td>\n<td>0<\/td>\n<td>0<\/td>\n<td>841<\/td>\n<\/tr>\n<tr>\n<td>Ays\u00e9n<\/td>\n<td>0<\/td>\n<td>0<\/td>\n<td>132<\/td>\n<td>0<\/td>\n<td>0<\/td>\n<td>0<\/td>\n<td>0<\/td>\n<td>0<\/td>\n<td>0<\/td>\n<td>0<\/td>\n<td>0<\/td>\n<td>132<\/td>\n<\/tr>\n<tr>\n<td>Magallanes<\/td>\n<td>0<\/td>\n<td>0<\/td>\n<td>0<\/td>\n<td>0<\/td>\n<td>0<\/td>\n<td>0<\/td>\n<td>0<\/td>\n<td>0<\/td>\n<td>0<\/td>\n<td>0<\/td>\n<td>0<\/td>\n<td>0<\/td>\n<\/tr>\n<tr>\n<td><\/td>\n<td>503<\/td>\n<td>5.643<\/td>\n<td>15.642<\/td>\n<td>19.286<\/td>\n<td>4.245<\/td>\n<td>4.064<\/td>\n<td>8.182<\/td>\n<td>4.797<\/td>\n<td>5.947<\/td>\n<td>2.927<\/td>\n<td>3.247<\/td>\n<td>74.483<\/td>\n<\/tr>\n<\/tbody>\n<\/table>\n<\/div>\n<p><!-- Fin de Tabla -->Informaci\u00f3n Per\u00edodo 2010 a 2014: Informaci\u00f3n oficial. Fuente SEC a trav\u00e9s de informaci\u00f3n proporcionada por el SII<\/p>\n<p>Informaci\u00f3n Per\u00edodo 2015 a 2020:<\/p>\n<blockquote><p>Fuente: SEC a trav\u00e9s de informaci\u00f3n proporcionada por empresas constructoras.<\/p><\/blockquote>\n","protected":false},"excerpt":{"rendered":"<p>La siguiente tabla muestra el detalle anual y regional del n\u00famero de viviendas nuevas beneficiadas con Franquicia Tributaria para instalaci\u00f3n de Sistemas Solares T\u00e9rmicos (SST), seg\u00fan a\u00f1o de recepci\u00f3n municipal. Regi\u00f3n 2010 2011 2012 2013 2014 2015 2016 2017 2018 2019 2020 TOTAL Arica y Parinacota 0 0 124 265 40 174 553 46 46 [&hellip;]<\/p>\n","protected":false},"author":2,"featured_media":0,"parent":0,"menu_order":0,"comment_status":"closed","ping_status":"closed","template":"","meta":{"footnotes":""},"class_list":["post-1386","page","type-page","status-publish","hentry"],"_links":{"self":[{"href":"https:\/\/sst.minenergia.cl\/index.php?rest_route=\/wp\/v2\/pages\/1386","targetHints":{"allow":["GET"]}}],"collection":[{"href":"https:\/\/sst.minenergia.cl\/index.php?rest_route=\/wp\/v2\/pages"}],"about":[{"href":"https:\/\/sst.minenergia.cl\/index.php?rest_route=\/wp\/v2\/types\/page"}],"author":[{"embeddable":true,"href":"https:\/\/sst.minenergia.cl\/index.php?rest_route=\/wp\/v2\/users\/2"}],"replies":[{"embeddable":true,"href":"https:\/\/sst.minenergia.cl\/index.php?rest_route=%2Fwp%2Fv2%2Fcomments&post=1386"}],"version-history":[{"count":61,"href":"https:\/\/sst.minenergia.cl\/index.php?rest_route=\/wp\/v2\/pages\/1386\/revisions"}],"predecessor-version":[{"id":2414,"href":"https:\/\/sst.minenergia.cl\/index.php?rest_route=\/wp\/v2\/pages\/1386\/revisions\/2414"}],"wp:attachment":[{"href":"https:\/\/sst.minenergia.cl\/index.php?rest_route=%2Fwp%2Fv2%2Fmedia&parent=1386"}],"curies":[{"name":"wp","href":"https:\/\/api.w.org\/{rel}","templated":true}]}}