{"id":309,"date":"2016-06-18T01:38:22","date_gmt":"2016-06-18T01:38:22","guid":{"rendered":"https:\/\/sst.minenergia.cl\/?page_id=309"},"modified":"2017-03-09T11:17:51","modified_gmt":"2017-03-09T11:17:51","slug":"309-2","status":"publish","type":"page","link":"https:\/\/sst.minenergia.cl\/?page_id=309","title":{"rendered":"Franquicia tributaria para viviendas nuevas"},"content":{"rendered":"<p>Si usted est\u00e1 pr\u00f3ximo a comprar una vivienda nueva (casa o departamento), busque y prefiera proyectos inmobiliarios que incluyan Sistemas Solares T\u00e9rmicos (SST) para contar con agua caliente sanitaria, aprovechando que la empresa constructora se puede acoger al \u201cbeneficio tributario\u201d de la Ley de Fomento de SST que le reintegra el total o un porcentaje del costo de equipos, instalaci\u00f3n y mantenciones del SST.<\/p>\n<h4 style=\"text-align: justify; color: #677d8d;\"><strong><u style=\"text-align: justify;\">Como opera la franquicia tributaria<\/u><\/strong><\/h4>\n<p><img loading=\"lazy\" decoding=\"async\" class=\"size-full wp-image-1999 aligncenter\" src=\"https:\/\/sst.minenergia.cl\/wp-content\/uploads\/2016\/06\/tablas-07-676x392-2.png\" alt=\"\" width=\"676\" height=\"392\" srcset=\"https:\/\/sst.minenergia.cl\/wp-content\/uploads\/2016\/06\/tablas-07-676x392-2.png 676w, https:\/\/sst.minenergia.cl\/wp-content\/uploads\/2016\/06\/tablas-07-676x392-2-300x174.png 300w\" sizes=\"auto, (max-width: 676px) 100vw, 676px\" \/><\/p>\n<p>&nbsp;<\/p>\n<h4 style=\"text-align: justify; color: #677d8d;\"><strong><u>Actores involucrados en la franquicia tributaria<\/u><\/strong><\/h4>\n<p><img loading=\"lazy\" decoding=\"async\" class=\"size-full wp-image-2128 aligncenter\" src=\"https:\/\/sst.minenergia.cl\/wp-content\/uploads\/2016\/06\/Actores-involucrados-en-la-franquicia-tributaria.png\" alt=\"\" width=\"946\" height=\"1000\" srcset=\"https:\/\/sst.minenergia.cl\/wp-content\/uploads\/2016\/06\/Actores-involucrados-en-la-franquicia-tributaria.png 946w, https:\/\/sst.minenergia.cl\/wp-content\/uploads\/2016\/06\/Actores-involucrados-en-la-franquicia-tributaria-284x300.png 284w, https:\/\/sst.minenergia.cl\/wp-content\/uploads\/2016\/06\/Actores-involucrados-en-la-franquicia-tributaria-768x812.png 768w, https:\/\/sst.minenergia.cl\/wp-content\/uploads\/2016\/06\/Actores-involucrados-en-la-franquicia-tributaria-676x715.png 676w\" sizes=\"auto, (max-width: 946px) 100vw, 946px\" \/><\/p>\n<p style=\"text-align: justify;\">\u00a0La modificaci\u00f3n de la Ley 20.365 renueva la vigencia de la Franquicia Tributaria para la instalaci\u00f3n de Sistemas Solares T\u00e9rmicos (SST) para el calentamiento de agua sanitaria, por el per\u00edodo 2015 a 2020. Una breve descripci\u00f3n de los principales aspectos indicados en la Ley se presenta a continuaci\u00f3n:<\/p>\n<p style=\"text-align: justify;\">\u2022 <strong>Tipo de viviendas donde aplica:<\/strong> Viviendas nuevas (casas y departamentos) con el Sistema Solar T\u00e9rmico instalado conforme a las exigencias t\u00e9cnicas de la Ley y Reglamento y cuenten con recepci\u00f3n municipal a partir del 1\u00b0 de enero de 2015 y hasta el 31 de diciembre de 2020.<\/p>\n<p style=\"text-align: justify;\">\u2022 <strong>Beneficio tributario:<\/strong> Lo perciben las empresas constructoras, quienes podr\u00e1n descontar el costo del SST, el costo de instalaci\u00f3n y el costo de mantenci\u00f3n del SST por 5 a\u00f1os, del monto de sus pagos provisionales obligatorios de la Ley sobre Impuesto a la Renta o contra cualquier otro impuesto o retenci\u00f3n.<\/p>\n<p style=\"text-align: justify;\">\u2022 <strong>Tramos del beneficio tributario seg\u00fan valor de la vivienda<\/strong> (costo del terreno + costo de construcci\u00f3n, distinto a precio de venta de la vivienda):<\/p>\n<ul>\n<li>Vivienda con valor menor o igual a 2.000 UF: Beneficio hasta el 100% de la inversi\u00f3n<\/li>\n<li>Viviendas con valor mayor a 2.000 UF y hasta 3.000 UF: decremento lineal desde 100% hasta 0% del beneficio<\/li>\n<li>Viviendas con valor mayor a 3.000 UF: No poseen beneficio tributario<\/li>\n<\/ul>\n<p style=\"text-align: justify;\">\u2022 <strong>Topes del beneficio por vivienda seg\u00fan tama\u00f1o del sistema solar t\u00e9rmico:<\/strong> a continuaci\u00f3n se especifican topes y montos por del beneficio tributario por a\u00f1o de aplicaci\u00f3n.<\/p>\n<p style=\"text-align: justify;\"><img loading=\"lazy\" decoding=\"async\" class=\"alignnone  wp-image-2130\" src=\"https:\/\/sst.minenergia.cl\/wp-content\/uploads\/2016\/06\/Topes-del-beneficio-por-vivienda-seg\u00fan-tama\u00f1o-del-sistema-solar-t\u00e9rmico-676x692.jpg\" alt=\"\" width=\"415\" height=\"425\" srcset=\"https:\/\/sst.minenergia.cl\/wp-content\/uploads\/2016\/06\/Topes-del-beneficio-por-vivienda-seg\u00fan-tama\u00f1o-del-sistema-solar-t\u00e9rmico-676x692.jpg 676w, https:\/\/sst.minenergia.cl\/wp-content\/uploads\/2016\/06\/Topes-del-beneficio-por-vivienda-seg\u00fan-tama\u00f1o-del-sistema-solar-t\u00e9rmico-676x692-293x300.jpg 293w\" sizes=\"auto, (max-width: 415px) 100vw, 415px\" \/><\/p>\n<h4 style=\"text-align: justify; color: #677d8d;\">\u00a0<\/h4>\n","protected":false},"excerpt":{"rendered":"<p>Si usted est\u00e1 pr\u00f3ximo a comprar una vivienda nueva (casa o departamento), busque y prefiera proyectos inmobiliarios que incluyan Sistemas Solares T\u00e9rmicos (SST) para contar con agua caliente sanitaria, aprovechando que la empresa constructora se puede acoger al \u201cbeneficio tributario\u201d de la Ley de Fomento de SST que le reintegra el total o un porcentaje [&hellip;]<\/p>\n","protected":false},"author":2,"featured_media":0,"parent":0,"menu_order":0,"comment_status":"closed","ping_status":"closed","template":"","meta":{"footnotes":""},"class_list":["post-309","page","type-page","status-publish","hentry"],"_links":{"self":[{"href":"https:\/\/sst.minenergia.cl\/index.php?rest_route=\/wp\/v2\/pages\/309","targetHints":{"allow":["GET"]}}],"collection":[{"href":"https:\/\/sst.minenergia.cl\/index.php?rest_route=\/wp\/v2\/pages"}],"about":[{"href":"https:\/\/sst.minenergia.cl\/index.php?rest_route=\/wp\/v2\/types\/page"}],"author":[{"embeddable":true,"href":"https:\/\/sst.minenergia.cl\/index.php?rest_route=\/wp\/v2\/users\/2"}],"replies":[{"embeddable":true,"href":"https:\/\/sst.minenergia.cl\/index.php?rest_route=%2Fwp%2Fv2%2Fcomments&post=309"}],"version-history":[{"count":179,"href":"https:\/\/sst.minenergia.cl\/index.php?rest_route=\/wp\/v2\/pages\/309\/revisions"}],"predecessor-version":[{"id":2131,"href":"https:\/\/sst.minenergia.cl\/index.php?rest_route=\/wp\/v2\/pages\/309\/revisions\/2131"}],"wp:attachment":[{"href":"https:\/\/sst.minenergia.cl\/index.php?rest_route=%2Fwp%2Fv2%2Fmedia&parent=309"}],"curies":[{"name":"wp","href":"https:\/\/api.w.org\/{rel}","templated":true}]}}