{"id":46,"date":"2016-05-08T04:10:45","date_gmt":"2016-05-08T04:10:45","guid":{"rendered":"https:\/\/sst.minenergia.cl\/?page_id=46"},"modified":"2017-03-09T11:18:41","modified_gmt":"2017-03-09T11:18:41","slug":"viviendas-sociales-existentes","status":"publish","type":"page","link":"https:\/\/sst.minenergia.cl\/?page_id=46","title":{"rendered":"Subsidio directo para viviendas sociales existentes (PPPF)"},"content":{"rendered":"<p>Si Usted tiene una vivienda social existente y desea instalar un Sistema Solar T\u00e9rmico (SST) que le permita generar agua caliente sanitaria utilizando la energ\u00eda del sol, se puede dirigir s\u00f3lo o en conjunto con un grupo de vecinos a una Entidad Patrocinante (EP), que cuente con convenio marco vigente con SERVIU, y solicite que generen un proyecto de Sistemas Solares T\u00e9rmicos que deben postular a los llamados regulares del Programa de Protecci\u00f3n del Patrimonio Familiar (PPPF) del Ministerio de la Vivienda y Urbanismo (MINVU).<\/p>\n<p><strong><u>Descripci\u00f3n de los llamados del PPPF<\/u><\/strong><\/p>\n<p>El Ministerio de Vivienda y Urbanismo (MINVU), en su af\u00e1n de mejorar la habitabilidad y la eficiencia energ\u00e9tica de las viviendas del pa\u00eds, dispone de una serie de beneficios para las familias m\u00e1s vulnerables que son propietarias de una vivienda.<\/p>\n<p><strong><u>\u00bfEn qu\u00e9 consiste?<\/u><\/strong><\/p>\n<p>El subsidio busca interrumpir el deterioro y mejorar la vivienda de familias vulnerables y de sectores emergentes, apoyando el financiamiento de distintas obras, entre ellas de Sistemas Solares T\u00e9rmicos (SST), entre otras, el subsidio m\u00e1ximo que se puede obtener es de 50, 55, 60 \u00f3 65 UF, de acuerdo a la comuna en la que se ubique la vivienda. Los postulantes deben aportar un ahorro m\u00ednimo de 3 UF.<\/p>\n<p><strong><u>\u00bfQu\u00e9 requisitos debe cumplir para postular?<\/u><\/strong><\/p>\n<p>El postulante debe contar con Ficha de Protecci\u00f3n Social vigente al momento de la postulaci\u00f3n, con m\u00e1ximo 13.484 puntos. En postulaciones colectivas hasta un 40% de los integrantes del grupo podr\u00e1 tener un puntaje mayor al indicado.<\/p>\n<p>La vivienda debe ser objeto del programa, es decir, ser vivienda social construida por SERVIU o sus antecesores, o tener una tasaci\u00f3n inferior a 650 UF. Puede haber sido construida por el Estado o por el sector privado, con o sin subsidio habitacional y puede localizarse en zonas urbanas o rurales.<\/p>\n<p>El postulante debe ser propietario o asignatario de la vivienda donde se instalar\u00e1 el sistema solar t\u00e9rmico y no puede ser propietario de otra vivienda.<\/p>\n<p>Tener 3 UF de ahorro, siempre pueden existir aportes adicionales de otras instituciones o de privados. Estos aportes ser\u00e1n obligatorios cuando la suma del subsidio y del ahorro no cubra la totalidad del monto del proyecto.<\/p>\n<p>Contar con un proyecto desarrollado por una Entidad Patrocinante (EP) con convenio marco vigente y adem\u00e1s una constructora que ejecute el proyecto.<\/p>\n<p><strong><u>\u00bfD\u00f3nde y c\u00f3mo postulo?<\/u><\/strong><\/p>\n<p>Se puede postular de forma individual o en grupo a trav\u00e9s de un Entidades Patrocinantes (EP), en las fechas indicadas en www.minvu.cl.<\/p>\n<p>Las Entidades Patrocinantes (EP) se preocupar\u00e1n por que los interesados cumplan los requisitos para postular, siendo la \u00fanica entidad habilitada para ingresar al SERVIU el proyecto de Sistema Solar T\u00e9rmico (SST), en representaci\u00f3n del o los postulantes, con la documentaci\u00f3n requerida.<\/p>\n<p>La postulaci\u00f3n a este subsidio no tiene costo.<\/p>\n<p>Mayor informaci\u00f3n (<a href=\"http:\/\/www.minvu.cl\/opensite_det_20110425113800.aspx\">http:\/\/www.minvu.cl\/opensite_det_20110425113800.aspx<\/a>)<\/p>\n","protected":false},"excerpt":{"rendered":"<p>Si Usted tiene una vivienda social existente y desea instalar un Sistema Solar T\u00e9rmico (SST) que le permita generar agua caliente sanitaria utilizando la energ\u00eda del sol, se puede dirigir s\u00f3lo o en conjunto con un grupo de vecinos a una Entidad Patrocinante (EP), que cuente con convenio marco vigente con SERVIU, y solicite que [&hellip;]<\/p>\n","protected":false},"author":2,"featured_media":0,"parent":0,"menu_order":0,"comment_status":"closed","ping_status":"closed","template":"","meta":{"footnotes":""},"class_list":["post-46","page","type-page","status-publish","hentry"],"_links":{"self":[{"href":"https:\/\/sst.minenergia.cl\/index.php?rest_route=\/wp\/v2\/pages\/46","targetHints":{"allow":["GET"]}}],"collection":[{"href":"https:\/\/sst.minenergia.cl\/index.php?rest_route=\/wp\/v2\/pages"}],"about":[{"href":"https:\/\/sst.minenergia.cl\/index.php?rest_route=\/wp\/v2\/types\/page"}],"author":[{"embeddable":true,"href":"https:\/\/sst.minenergia.cl\/index.php?rest_route=\/wp\/v2\/users\/2"}],"replies":[{"embeddable":true,"href":"https:\/\/sst.minenergia.cl\/index.php?rest_route=%2Fwp%2Fv2%2Fcomments&post=46"}],"version-history":[{"count":25,"href":"https:\/\/sst.minenergia.cl\/index.php?rest_route=\/wp\/v2\/pages\/46\/revisions"}],"predecessor-version":[{"id":1887,"href":"https:\/\/sst.minenergia.cl\/index.php?rest_route=\/wp\/v2\/pages\/46\/revisions\/1887"}],"wp:attachment":[{"href":"https:\/\/sst.minenergia.cl\/index.php?rest_route=%2Fwp%2Fv2%2Fmedia&parent=46"}],"curies":[{"name":"wp","href":"https:\/\/api.w.org\/{rel}","templated":true}]}}