{"id":48,"date":"2016-05-08T04:11:09","date_gmt":"2016-05-08T04:11:09","guid":{"rendered":"https:\/\/sst.minenergia.cl\/?page_id=48"},"modified":"2022-10-24T16:15:37","modified_gmt":"2022-10-24T16:15:37","slug":"documentos-tecnicos","status":"publish","type":"page","link":"https:\/\/sst.minenergia.cl\/?page_id=48","title":{"rendered":"Material t\u00e9cnico"},"content":{"rendered":"<p><strong><span style=\"font-size: 24px;\">Gu\u00eda de buenas pr\u00e1cticas<\/span><\/strong><br \/>\n<span style=\"font-size: 16px;\">CON BASE EN LA EXPERIENCIA DE INSTALACIONES SOLARES T\u00c9RMICAS<\/span><\/p>\n<div class=\"mat_tecnico\" style=\"witdh:400px;\"><img loading=\"lazy\" decoding=\"async\" src=\"https:\/\/sst.minenergia.cl\/wp-content\/uploads\/2022\/10\/guia_buenas_practicas_pequena.png\" alt=\"Gu\u00eda de buenas pr\u00e1cticas\" width=\"500\" height=\"500\"><\/div>\n<p><i class=\"fa fa-download fa-2x\"><\/i> <a href=\"https:\/\/sst.minenergia.cl\/wp-content\/uploads\/2022\/10\/PUBLICACIO\u0301N-guia-SST-V4.pdf\" target=\"_blank\" rel=\"noopener noreferrer\">Gu\u00eda de buenas pr\u00e1cticas &#8211; CON BASE EN LA EXPERIENCIA DE INSTALACIONES SOLARES T\u00c9RMICAS<\/a><\/p>\n<p>&nbsp;<\/p>\n<hr>\n<p><strong><span style=\"font-size: 24px;\">Estudio Resultados e Impactos de la Ley 20.365 para SST <\/span><\/strong><\/p>\n<div class=\"mat_tecnico\" style=\"witdh:400px;\"><img loading=\"lazy\" decoding=\"async\" src=\"https:\/\/sst.minenergia.cl\/wp-content\/uploads\/2021\/05\/portada.jpg\" alt=\"Estudio Resultados e Impactos de la Ley 20.365 para SST\" width=\"500\" height=\"600\"><\/div>\n<p><i class=\"fa fa-download fa-2x\"><\/i> <a href=\"http:\/\/www.minenergia.cl\/archivos_bajar\/archivos_geotermia\/2021\/sst\/Estudio_Impactos_y_Resultados_Ley_20.365_de_SST.pdf\" target=\"_blank\" rel=\"noopener noreferrer\">Estudio Resultados e Impactos de la Ley 20.365 para SST <\/a><\/p>\n<p>&nbsp;<\/p>\n<hr>\n<p><strong><span style=\"font-size: 24px;\">Informe Inspecciones SST <\/span><\/strong><\/p>\n<div class=\"mat_tecnico\" style=\"witdh:400px;\"><img loading=\"lazy\" decoding=\"async\" src=\"https:\/\/sst.minenergia.cl\/wp-content\/uploads\/2021\/05\/Informe-Inspecciones-SST.jpg\" alt=\"Estudio Resultados e Impactos de la Ley 20.365 para SST\" width=\"500\" height=\"600\"><\/div>\n<p><i class=\"fa fa-download fa-2x\"><\/i> <a href=\"https:\/\/sst.minenergia.cl\/wp-content\/uploads\/2021\/05\/Informe-Inspecciones-SST.pdf\" target=\"_blank\" rel=\"noopener noreferrer\">Informe Inspecciones SST <\/a><\/p>\n<p>&nbsp;<\/p>\n<hr>\n<p><strong><span style=\"font-size: 24px;\">D\u00edptico Explorador Solar (Noviembre 2017)<\/span><\/strong><\/p>\n<div class=\"issuuembed\" style=\"width: 400px; height: 300px;\" data-configid=\"33025447\/59518854\">&nbsp;<\/div>\n<p><script type=\"text\/javascript\" src=\"\/\/e.issuu.com\/embed.js\" async=\"true\"><\/script><\/p>\n<p><i class=\"fa fa-download fa-2x\"><\/i> <a href=\"https:\/\/sst.minenergia.cl\/wp-content\/uploads\/2016\/05\/Explorador-Folleto_NOVIEMBRE-2017.pdf\" target=\"_blank\" rel=\"noopener noreferrer\">D\u00edptico Explorador Solar<\/a><\/p>\n<p>&nbsp;<\/p>\n<hr>\n<p><strong><span style=\"font-size: 24px;\">Instrumentos de Fomento para Sistemas Solares T\u00e9rmicos (Noviembre 2018)<\/span><\/strong><\/p>\n<div data-configid=\"33025447\/66205271\" style=\"width:400px; height:300px;\" class=\"issuuembed\"><\/div>\n<p><script type=\"text\/javascript\" src=\"\/\/e.issuu.com\/embed.js\" async=\"true\"><\/script><\/p>\n<p><i class=\"fa fa-download fa-2x\"><\/i> <a href=\"https:\/\/sst.minenergia.cl\/wp-content\/uploads\/2016\/05\/franquicia-tributaria-2018-noviembreHOJAS.pdf\">Instrumentos de Fomento para Sistemas Solares T\u00e9rmicos<\/a><\/p>\n<hr>\n<p><strong><span style=\"font-size: 24px;\">Sistemas Solares T\u00e9rmicos ll<\/span><\/strong><\/p>\n<div class=\"issuuembed\" style=\"width: 400px; height: 300px;\" data-configid=\"33025447\/59518930\">&nbsp;<\/div>\n<p><script type=\"text\/javascript\" src=\"\/\/e.issuu.com\/embed.js\" async=\"true\"><\/script><\/p>\n<p><span style=\"font-size: 20px;\"><strong>Descargas<\/strong><\/span><\/p>\n<p><i class=\"fa fa-download fa-2x\"><\/i><a href=\"https:\/\/sst.minenergia.cl\/wp-content\/uploads\/2016\/05\/guia-de-diseno-y-montaje-de-sst-para-acs.pdf\"> Sistemas Solares T\u00e9rmicos ll<\/a><\/p>\n<hr>\n<p style=\"text-align: left;\"><strong><span style=\"font-size: 24px;\">Sistema Solar T\u00e9rmico Centralizado<\/span><\/strong>&nbsp;<\/p>\n<div class=\"issuuembed\" style=\"width: 400px; height: 300px;\" data-configid=\"33025447\/59519062\">&nbsp;<\/div>\n<p><script type=\"text\/javascript\" src=\"\/\/e.issuu.com\/embed.js\" async=\"true\"><\/script><\/p>\n<p style=\"text-align: left;\"><span style=\"font-size: 20px;\"><strong>Descargas<\/strong><\/span><\/p>\n<p style=\"text-align: left;\"><i class=\"fa fa-download fa-2x\"><\/i><a href=\"https:\/\/sst.minenergia.cl\/wp-content\/uploads\/2016\/05\/sistema_solar_termico_centralizado-1.pdf\" target=\"_blank\" rel=\"noopener noreferrer\"> Sistema Solar T\u00e9rmico Centralizado (.PDF)<\/a><\/p>\n<p style=\"text-align: left;\"><i class=\"fa fa-download fa-2x\"><\/i><a href=\"https:\/\/sst.minenergia.cl\/wp-content\/uploads\/2016\/05\/Anexo_Fichas-T\u00e9cnicas_SST_centralizado_multivivienda.zip\" target=\"_blank\" rel=\"noopener noreferrer\"> Anexos: Fichas T\u00e9cnicas.<\/a>&nbsp;<\/p>\n<hr>\n<p><strong><span style=\"font-size: 24px;\">Sistemas Solares T\u00e9rmicos forzados para viviendas unifamiliares<\/span><\/strong><\/p>\n<div class=\"issuuembed\" style=\"width: 400px; height: 300px;\" data-configid=\"33025447\/59519249\">&nbsp;<\/div>\n<p><script type=\"text\/javascript\" src=\"\/\/e.issuu.com\/embed.js\" async=\"true\"><\/script><\/p>\n<p style=\"text-align: left;\"><span style=\"font-size: 20px;\"><strong>Descargas<\/strong><\/span><\/p>\n<p style=\"text-align: left;\"><i class=\"fa fa-download fa-2x\"><\/i><a href=\"https:\/\/sst.minenergia.cl\/wp-content\/uploads\/2016\/05\/sistema_solar_termico_forzado-1.pdf\" target=\"_blank\" rel=\"noopener noreferrer\"> Sistemas Solares T\u00e9rmicos forzados para viviendas unifamiliares&nbsp;(.PDF)<\/a><\/p>\n<p style=\"text-align: left;\"><i class=\"fa fa-download fa-2x\"><\/i><a href=\"https:\/\/sst.minenergia.cl\/wp-content\/uploads\/2016\/05\/Anexo_Fichas-T\u00e9cnicas_Sistema-Solar-T\u00e9rmico-Forzado-para-viviendas-Unifamiliares.zip\" target=\"_blank\" rel=\"noopener noreferrer\"> Anexos: Fichas T\u00e9cnicas.<\/a>&nbsp;&nbsp;<\/p>\n<hr>\n<p><strong><span style=\"font-size: 24px;\">Sistemas Solares T\u00e9rmicos tipo termosif\u00f3n para viviendas unifamiliares<\/span><\/strong><\/p>\n<div class=\"issuuembed\" style=\"width: 400px; height: 300px;\" data-configid=\"33025447\/59519273\">&nbsp;<\/div>\n<p><script type=\"text\/javascript\" src=\"\/\/e.issuu.com\/embed.js\" async=\"true\"><\/script><\/p>\n<p style=\"text-align: left;\"><span style=\"font-size: 20px;\"><strong>Descargas<\/strong><\/span><\/p>\n<p style=\"text-align: left;\"><i class=\"fa fa-download fa-2x\"><\/i><a href=\"https:\/\/sst.minenergia.cl\/wp-content\/uploads\/2016\/05\/termosifon_viviendas_unifamiliares-1.pdf\" target=\"_blank\" rel=\"noopener noreferrer\"> Sistemas Solares T\u00e9rmicos tipo termosif\u00f3n para viviendas unifamiliares (.PDF)<\/a><\/p>\n<p style=\"text-align: left;\"><i class=\"fa fa-download fa-2x\"><\/i><a href=\"https:\/\/sst.minenergia.cl\/wp-content\/uploads\/2016\/05\/Anexo_Fichas-T\u00e9cnicas_Sistema-Solar-Termosif\u00f3n-para-Viviendas-Unifamiliares.zip\" target=\"_blank\" rel=\"noopener noreferrer\"> Anexos: Fichas T\u00e9cnicas<\/a>&nbsp;<\/p>\n<hr>\n<p><strong><span style=\"font-size: 24px;\">Manual pr\u00e1ctico del t\u00e9cnico solar<\/span><\/strong><\/p>\n<div class=\"issuuembed\" style=\"width: 400px; height: 300px;\" data-configid=\"33025447\/60635364\">&nbsp;<\/div>\n<p><script type=\"text\/javascript\" src=\"\/\/e.issuu.com\/embed.js\" async=\"true\"><\/script><\/p>\n<p><span style=\"font-size: 20px;\"><strong>Descargas<\/strong><\/span><\/p>\n<p><i class=\"fa fa-download fa-2x\"><\/i><a href=\"https:\/\/sst.minenergia.cl\/wp-content\/uploads\/2016\/05\/manual_tecnico_solar_2013-1_v2.pdf\">&nbsp;Manual pr\u00e1ctico del t\u00e9cnico solar<\/a><\/p>\n<hr>\n<p><strong><span style=\"font-size: 24px;\">Tr\u00edptico Franquicia Tributaria<\/span><\/strong><\/p>\n<div class=\"issuuembed\" style=\"width: 400px; height: 300px;\" data-configid=\"33025447\/59519373\">&nbsp;<\/div>\n<p><script type=\"text\/javascript\" src=\"\/\/e.issuu.com\/embed.js\" async=\"true\"><\/script><\/p>\n<p><span style=\"font-size: 20px;\"><strong>Descargas<\/strong><\/span><\/p>\n<p><i class=\"fa fa-download fa-2x\"><\/i><a href=\"https:\/\/sst.minenergia.cl\/wp-content\/uploads\/2016\/05\/franquicia-tributaria-2015-2020-1.pdf\" target=\"_blank\" rel=\"noopener noreferrer\">Tr\u00edptico Franquicia Tributaria<\/a><\/p>\n","protected":false},"excerpt":{"rendered":"<p>Gu\u00eda de buenas pr\u00e1cticas CON BASE EN LA EXPERIENCIA DE INSTALACIONES SOLARES T\u00c9RMICAS Gu\u00eda de buenas pr\u00e1cticas &#8211; CON BASE EN LA EXPERIENCIA DE INSTALACIONES SOLARES T\u00c9RMICAS &nbsp; Estudio Resultados e Impactos de la Ley 20.365 para SST Estudio Resultados e Impactos de la Ley 20.365 para SST &nbsp; Informe Inspecciones SST Informe Inspecciones SST [&hellip;]<\/p>\n","protected":false},"author":2,"featured_media":0,"parent":0,"menu_order":0,"comment_status":"closed","ping_status":"closed","template":"","meta":{"footnotes":""},"class_list":["post-48","page","type-page","status-publish","hentry"],"_links":{"self":[{"href":"https:\/\/sst.minenergia.cl\/index.php?rest_route=\/wp\/v2\/pages\/48","targetHints":{"allow":["GET"]}}],"collection":[{"href":"https:\/\/sst.minenergia.cl\/index.php?rest_route=\/wp\/v2\/pages"}],"about":[{"href":"https:\/\/sst.minenergia.cl\/index.php?rest_route=\/wp\/v2\/types\/page"}],"author":[{"embeddable":true,"href":"https:\/\/sst.minenergia.cl\/index.php?rest_route=\/wp\/v2\/users\/2"}],"replies":[{"embeddable":true,"href":"https:\/\/sst.minenergia.cl\/index.php?rest_route=%2Fwp%2Fv2%2Fcomments&post=48"}],"version-history":[{"count":333,"href":"https:\/\/sst.minenergia.cl\/index.php?rest_route=\/wp\/v2\/pages\/48\/revisions"}],"predecessor-version":[{"id":2398,"href":"https:\/\/sst.minenergia.cl\/index.php?rest_route=\/wp\/v2\/pages\/48\/revisions\/2398"}],"wp:attachment":[{"href":"https:\/\/sst.minenergia.cl\/index.php?rest_route=%2Fwp%2Fv2%2Fmedia&parent=48"}],"curies":[{"name":"wp","href":"https:\/\/api.w.org\/{rel}","templated":true}]}}