{"id":633,"date":"2016-06-21T19:57:07","date_gmt":"2016-06-21T19:57:07","guid":{"rendered":"https:\/\/sst.minenergia.cl\/?page_id=633"},"modified":"2017-03-09T11:35:14","modified_gmt":"2017-03-09T11:35:14","slug":"formacion-de-capacidades-tecnicas-locales","status":"publish","type":"page","link":"https:\/\/sst.minenergia.cl\/?page_id=633","title":{"rendered":"Competencias Laborales"},"content":{"rendered":"<p style=\"text-align: justify;\">Las competencias laborales del perfil del \u201c<strong>Asistente t\u00e9cnico de instalaci\u00f3n de Sistemas Solares T\u00e9rmicos\u201d <\/strong>tienen como prop\u00f3sito desarrollar actividades de montaje estructural, instalaci\u00f3n y mantenimiento de Sistemas Solares T\u00e9rmicos (SST) de acuerdo con especificaciones t\u00e9cnicas, requerimientos del proyecto y normativa vigente.<\/p>\n<p style=\"text-align: justify;\"><a href=\"https:\/\/sst.minenergia.cl\/wp-content\/uploads\/2016\/06\/PERFIL_COMPETENCIA_ASISTENTE_TECNICO_DE_INSTALACION_DE_SISTEMAS_SOLARES_TERMICOS.pdf\">Para m\u00e1s informaci\u00f3n pinche aqu\u00ed.<\/a><\/p>\n<p style=\"text-align: justify;\">Con el objetivo de apoyar el desarrollo del mercado de Sistemas Solares T\u00e9rmicos (SST), las siguientes siete (7) instituciones de educaci\u00f3n superior est\u00e1n en condiciones t\u00e9cnicas te\u00f3rico\/pr\u00e1cticas de impartir cursos de especializaci\u00f3n en instalaci\u00f3n y mantenci\u00f3n de Sistemas Solares T\u00e9rmicos (SST), instituciones:<\/p>\n<ul>\n<li style=\"text-align: justify;\">Centro de Formaci\u00f3n T\u00e9cnica Tarapac\u00e1, Arica<\/li>\n<li style=\"text-align: justify;\">Universidad Arturo Prat, Iquique<\/li>\n<li style=\"text-align: justify;\">Universidad Cat\u00f3lica del Norte, Antofagasta<\/li>\n<li style=\"text-align: justify;\">Universidad de Atacama, Copiap\u00f3<\/li>\n<li style=\"text-align: justify;\">Universidad de La Serena, La Serena<\/li>\n<li style=\"text-align: justify;\">DUOC, Valpara\u00edso<\/li>\n<li style=\"text-align: justify;\">Universidad de Santiago, Santiago<\/li>\n<\/ul>\n<p style=\"text-align: justify;\">El Ministerio de Energ\u00eda en conjunto con el Programa de las Naciones Unidas para el Desarrollo (PNUD) dotaron de Laboratorios Solares T\u00e9rmicos a cada instituci\u00f3n con el objetivo de apoyar la componente pr\u00e1ctica de los procesos de formaci\u00f3n de t\u00e9cnicos especialistas en instalaci\u00f3n y mantenci\u00f3n de Sistemas Solares T\u00e9rmicos (SST). Los Laboratorios solares t\u00e9rmicos presentan las siguientes configuraciones t\u00e9cnicas:<\/p>\n<p style=\"text-align: justify;\"><img loading=\"lazy\" decoding=\"async\" class=\"aligncenter wp-image-1339 \" src=\"https:\/\/sst.minenergia.cl\/wp-content\/uploads\/2016\/06\/tablas_configuraciones-t\u00e9cnicas.jpg\" alt=\"tablas_configuraciones-tecnicas\" width=\"636\" height=\"303\" srcset=\"https:\/\/sst.minenergia.cl\/wp-content\/uploads\/2016\/06\/tablas_configuraciones-t\u00e9cnicas.jpg 1762w, https:\/\/sst.minenergia.cl\/wp-content\/uploads\/2016\/06\/tablas_configuraciones-t\u00e9cnicas-300x143.jpg 300w, https:\/\/sst.minenergia.cl\/wp-content\/uploads\/2016\/06\/tablas_configuraciones-t\u00e9cnicas-768x366.jpg 768w, https:\/\/sst.minenergia.cl\/wp-content\/uploads\/2016\/06\/tablas_configuraciones-t\u00e9cnicas-1024x488.jpg 1024w, https:\/\/sst.minenergia.cl\/wp-content\/uploads\/2016\/06\/tablas_configuraciones-t\u00e9cnicas-676x322.jpg 676w\" sizes=\"auto, (max-width: 636px) 100vw, 636px\" \/><\/p>\n<h4 style=\"text-align: justify; color: #677d8d;\"><strong><u>Esquema N\u00b0 1: Diagrama del sistema forzado<\/u><\/strong><\/h4>\n<style type=\"text\/css\">\n\t#foogallery-gallery-2137 .fg-image {\n        width: 150px;\n    }\n<\/style>\n\t\t\t\t<div class=\"foogallery foogallery-container foogallery-default foogallery-lightbox-foogallery fg-gutter-10 fg-center fg-default fg-light fg-border-thin fg-shadow-outline fg-loading-default fg-loaded-fade-in fg-caption-hover fg-hover-fade fg-hover-zoom fg-ready\" id=\"foogallery-gallery-2137\" data-foogallery=\"{&quot;item&quot;:{&quot;showCaptionTitle&quot;:true,&quot;showCaptionDescription&quot;:true},&quot;lazy&quot;:true}\" data-foogallery-lightbox=\"{&quot;thumbs&quot;:&quot;bottom&quot;,&quot;thumbsCaptions&quot;:false,&quot;thumbsBestFit&quot;:false,&quot;thumbsSmall&quot;:false,&quot;thumbsCaptionsAlign&quot;:&quot;default&quot;,&quot;info&quot;:&quot;bottom&quot;,&quot;infoVisible&quot;:true,&quot;infoOverlay&quot;:true,&quot;infoAlign&quot;:&quot;default&quot;,&quot;transition&quot;:&quot;fade&quot;,&quot;hoverButtons&quot;:false,&quot;fitMedia&quot;:false,&quot;noScrollbars&quot;:true,&quot;preserveButtonSpace&quot;:true,&quot;buttons&quot;:{&quot;fullscreen&quot;:true,&quot;info&quot;:true,&quot;thumbs&quot;:false},&quot;video&quot;:{&quot;autoPlay&quot;:true}}\" >\n\t<div class=\"fg-item fg-type-image fg-idle\"><figure class=\"fg-item-inner\"><a href=\"https:\/\/sst.minenergia.cl\/wp-content\/uploads\/2016\/06\/forzado-unifamiliar.png\" data-caption-title=\"forzado unifamiliar\" data-attachment-id=\"2134\" data-type=\"image\" class=\"fg-thumb\"><span class=\"fg-image-wrap\"><img decoding=\"async\" width=\"150\" height=\"150\" class=\"skip-lazy fg-image\" data-src-fg=\"https:\/\/sst.minenergia.cl\/wp-content\/uploads\/cache\/2016\/06\/forzado-unifamiliar\/3325929348.png\" src=\"data:image\/svg+xml,%3Csvg%20xmlns%3D%22http%3A%2F%2Fwww.w3.org%2F2000%2Fsvg%22%20width%3D%22150%22%20height%3D%22150%22%20viewBox%3D%220%200%20150%20150%22%3E%3C%2Fsvg%3E\" loading=\"eager\"><\/span><span class=\"fg-image-overlay\"><\/span><\/a><figcaption class=\"fg-caption\"><div class=\"fg-caption-inner\"><div class=\"fg-caption-title\">forzado unifamiliar<\/div><\/div><\/figcaption><\/figure><div class=\"fg-loader\"><\/div><\/div><\/div>\n\n<p>&nbsp;<\/p>\n<p>La configuraci\u00f3n de sistema forzado representa un banco de pruebas para los Sistemas Solares T\u00e9rmicos (SST) multifamiliares que se instalen y acojan a la franquicia tributaria de la Ley 20.365.<\/p>\n<h4 style=\"text-align: justify; color: #677d8d;\"><strong><u>Esquema N\u00b0 2: Diagrama del sistema termosif\u00f3n<\/u><\/strong><\/h4>\n<style type=\"text\/css\">\n\t#foogallery-gallery-2139 .fg-image {\n        width: 150px;\n    }\n<\/style>\n\t\t\t\t<div class=\"foogallery foogallery-container foogallery-default foogallery-lightbox-foogallery fg-gutter-10 fg-center fg-default fg-light fg-border-thin fg-shadow-outline fg-loading-default fg-loaded-fade-in fg-caption-hover fg-hover-fade fg-hover-zoom fg-ready\" id=\"foogallery-gallery-2139\" data-foogallery=\"{&quot;item&quot;:{&quot;showCaptionTitle&quot;:true,&quot;showCaptionDescription&quot;:true},&quot;lazy&quot;:true}\" data-foogallery-lightbox=\"{&quot;thumbs&quot;:&quot;bottom&quot;,&quot;thumbsCaptions&quot;:false,&quot;thumbsBestFit&quot;:false,&quot;thumbsSmall&quot;:false,&quot;thumbsCaptionsAlign&quot;:&quot;default&quot;,&quot;info&quot;:&quot;bottom&quot;,&quot;infoVisible&quot;:true,&quot;infoOverlay&quot;:true,&quot;infoAlign&quot;:&quot;default&quot;,&quot;transition&quot;:&quot;fade&quot;,&quot;hoverButtons&quot;:false,&quot;fitMedia&quot;:false,&quot;noScrollbars&quot;:true,&quot;preserveButtonSpace&quot;:true,&quot;buttons&quot;:{&quot;fullscreen&quot;:true,&quot;info&quot;:true,&quot;thumbs&quot;:false},&quot;video&quot;:{&quot;autoPlay&quot;:true}}\" >\n\t<div class=\"fg-item fg-type-image fg-idle\"><figure class=\"fg-item-inner\"><a href=\"https:\/\/sst.minenergia.cl\/wp-content\/uploads\/2016\/06\/termosifon-unifamiliar.png\" data-caption-title=\"termosifon unifamiliar\" data-attachment-id=\"2135\" data-type=\"image\" class=\"fg-thumb\"><span class=\"fg-image-wrap\"><img decoding=\"async\" width=\"150\" height=\"150\" class=\"skip-lazy fg-image\" data-src-fg=\"https:\/\/sst.minenergia.cl\/wp-content\/uploads\/cache\/2016\/06\/termosifon-unifamiliar\/1288920037.png\" src=\"data:image\/svg+xml,%3Csvg%20xmlns%3D%22http%3A%2F%2Fwww.w3.org%2F2000%2Fsvg%22%20width%3D%22150%22%20height%3D%22150%22%20viewBox%3D%220%200%20150%20150%22%3E%3C%2Fsvg%3E\" loading=\"eager\"><\/span><span class=\"fg-image-overlay\"><\/span><\/a><figcaption class=\"fg-caption\"><div class=\"fg-caption-inner\"><div class=\"fg-caption-title\">termosifon unifamiliar<\/div><\/div><\/figcaption><\/figure><div class=\"fg-loader\"><\/div><\/div><\/div>\n\n<p>La configuraci\u00f3n de sistema termosif\u00f3n, representa un banco de pruebas para los SST unifamiliares que se instalen bajo franquicia tributaria, en viviendas sociales nuevas como a trav\u00e9s del Programa de Protecci\u00f3n del Patrimonio Familiar (PPPF) del MINVU o mediante los Programas de Reconstrucci\u00f3n que se implementan en las regiones de Arica y Parinacota, Tarapac\u00e1, Antofagasta, Atacama y Valpara\u00edso.<\/p>\n<h1 style=\"text-align: center;\">Curso Pr\u00e1ctico del T\u00e9cnico Solar en SST en viviendas unifamiliares<\/h1>\n<p>El curso Pr\u00e1ctico del T\u00e9cnico Solar en SST tiene por objeto resumir y proponer los procedimientos de trabajo que pueden seguir los T\u00e9cnicos Solares especialistas en proyecto, instalaci\u00f3n y mantenci\u00f3n de Sistemas Solares T\u00e9rmicos para agua caliente sanitaria en viviendas unifamiliares.<\/p>\n<p><a href=\"https:\/\/sst.minenergia.cl\/wp-content\/uploads\/2016\/06\/CURSO-PRACTICO-DEL-TECNICO-SOLAR.ppsx\"><img loading=\"lazy\" decoding=\"async\" class=\"wp-image-2026 alignleft\" src=\"https:\/\/sst.minenergia.cl\/wp-content\/uploads\/2016\/06\/CURSO-PRACTICO-DEL-TECNICO-SOLAR.png\" alt=\"\" width=\"439\" height=\"233\" srcset=\"https:\/\/sst.minenergia.cl\/wp-content\/uploads\/2016\/06\/CURSO-PRACTICO-DEL-TECNICO-SOLAR.png 1069w, https:\/\/sst.minenergia.cl\/wp-content\/uploads\/2016\/06\/CURSO-PRACTICO-DEL-TECNICO-SOLAR-300x159.png 300w, https:\/\/sst.minenergia.cl\/wp-content\/uploads\/2016\/06\/CURSO-PRACTICO-DEL-TECNICO-SOLAR-768x407.png 768w, https:\/\/sst.minenergia.cl\/wp-content\/uploads\/2016\/06\/CURSO-PRACTICO-DEL-TECNICO-SOLAR-1024x543.png 1024w, https:\/\/sst.minenergia.cl\/wp-content\/uploads\/2016\/06\/CURSO-PRACTICO-DEL-TECNICO-SOLAR-676x359.png 676w\" sizes=\"auto, (max-width: 439px) 100vw, 439px\" \/><\/a><\/p>\n<p><strong><span style=\"font-size: 20px;\"><br \/>\n Descargar<br \/>\n <\/span><\/strong><span style=\"font-size: 12px;\"><i class=\"fa fa-download fa-2x\"><\/i><a href=\"https:\/\/sst.minenergia.cl\/wp-content\/uploads\/2016\/06\/CURSO-PRACTICO-DEL-TECNICO-SOLAR.ppsx\" target=\"_blank\"> Curso Pr\u00e1ctico del T\u00e9cnico Solar en SST en viviendas unifamiliares<\/a><\/span><\/p>\n<p>&nbsp;<\/p>\n","protected":false},"excerpt":{"rendered":"<p>Las competencias laborales del perfil del \u201cAsistente t\u00e9cnico de instalaci\u00f3n de Sistemas Solares T\u00e9rmicos\u201d tienen como prop\u00f3sito desarrollar actividades de montaje estructural, instalaci\u00f3n y mantenimiento de Sistemas Solares T\u00e9rmicos (SST) de acuerdo con especificaciones t\u00e9cnicas, requerimientos del proyecto y normativa vigente. Para m\u00e1s informaci\u00f3n pinche aqu\u00ed. Con el objetivo de apoyar el desarrollo del mercado [&hellip;]<\/p>\n","protected":false},"author":2,"featured_media":0,"parent":0,"menu_order":0,"comment_status":"closed","ping_status":"closed","template":"","meta":{"footnotes":""},"class_list":["post-633","page","type-page","status-publish","hentry"],"_links":{"self":[{"href":"https:\/\/sst.minenergia.cl\/index.php?rest_route=\/wp\/v2\/pages\/633","targetHints":{"allow":["GET"]}}],"collection":[{"href":"https:\/\/sst.minenergia.cl\/index.php?rest_route=\/wp\/v2\/pages"}],"about":[{"href":"https:\/\/sst.minenergia.cl\/index.php?rest_route=\/wp\/v2\/types\/page"}],"author":[{"embeddable":true,"href":"https:\/\/sst.minenergia.cl\/index.php?rest_route=\/wp\/v2\/users\/2"}],"replies":[{"embeddable":true,"href":"https:\/\/sst.minenergia.cl\/index.php?rest_route=%2Fwp%2Fv2%2Fcomments&post=633"}],"version-history":[{"count":51,"href":"https:\/\/sst.minenergia.cl\/index.php?rest_route=\/wp\/v2\/pages\/633\/revisions"}],"predecessor-version":[{"id":2141,"href":"https:\/\/sst.minenergia.cl\/index.php?rest_route=\/wp\/v2\/pages\/633\/revisions\/2141"}],"wp:attachment":[{"href":"https:\/\/sst.minenergia.cl\/index.php?rest_route=%2Fwp%2Fv2%2Fmedia&parent=633"}],"curies":[{"name":"wp","href":"https:\/\/api.w.org\/{rel}","templated":true}]}}